{"id":3516,"date":"2021-10-12T13:27:43","date_gmt":"2021-10-12T12:27:43","guid":{"rendered":"https:\/\/www.bik-travel.com\/?page_id=3516"},"modified":"2024-07-04T12:07:31","modified_gmt":"2024-07-04T11:07:31","slug":"bik-clean","status":"publish","type":"page","link":"https:\/\/www.bik-travel.com\/hr\/bik-clean\/","title":{"rendered":"BIK clean"},"content":{"rendered":"<h2>Cjenik<\/h2>\n<p><strong>Redovno \u010di\u0161\u0107enje<\/strong> &#8211; brisanje svih povr\u0161ina izvana, pranje prozora, pranje podova, \u010di\u0161\u0107enje kompletne kupaonice, izno\u0161enje sme\u0107a &#8211; 15 eura\/h<\/p>\n<p><strong>Generalno \u010di\u0161\u0107enje<\/strong> &#8211; nakon renovacija ili duljeg perioda bez \u010di\u0161\u0107enja, podrazumijeva \u010di\u0161\u0107enje svih povr\u0161ina izvana i iznutra &#8211; 22 eura\/h<\/p>\n<p><strong>\u010ci\u0161\u0107enje apartmana<\/strong> &#8211; na upit<\/p>\n<h4>O nama<\/h4>\n<p>Jednostavno i pristupa\u010dno odr\u017eavanje higijene doma svima nam je prijeko potrebno. U u\u017eurbanom gradskom \u017eivotu \u010desto nemate vremena za \u010di\u0161\u0107enje te Vam mi po povoljnim cijenama nudimo na\u0161e usluge.<\/p>\n<p>Usluge koje nudimo na podru\u010dju grada Zagreba i grada Gospi\u0107a \u2013 redovno \u010di\u0161\u0107enje, generalno \u010di\u0161\u0107enje, \u010di\u0161\u0107enje apartmana.<\/p>\n<p>Usluge krojimo sukladno Va\u0161im \u017eeljama i potrebama. Detaljniji opis usluga se nalazi na cjeniku, a za sva dodatna pitanja se slobodno obratite na telefonski broj ili e-mail. Tu smo za Vas u bilo koje vrijeme bez dugog i\u0161\u010dekivanja odgovora.<\/p>\n<p>Na raspolaganju smo Vam s dugogodi\u0161njim iskustvom u odr\u017eavanju stanova, ku\u0107a i apartmana.<\/p>\n<p><img decoding=\"async\" loading=\"lazy\" class=\"aligncenter wp-image-3570\" src=\"https:\/\/www.bik-travel.com\/wp-content\/uploads\/2021\/10\/bik-clean-logo-300x141.png\" alt=\"\" width=\"700\" height=\"329\" srcset=\"https:\/\/www.bik-travel.com\/wp-content\/uploads\/2021\/10\/bik-clean-logo-300x141.png 300w, https:\/\/www.bik-travel.com\/wp-content\/uploads\/2021\/10\/bik-clean-logo-768x361.png 768w, https:\/\/www.bik-travel.com\/wp-content\/uploads\/2021\/10\/bik-clean-logo-1024x481.png 1024w\" sizes=\"(max-width: 700px) 100vw, 700px\" \/><\/p>\n<h4>Kontakt<\/h4>\n<p><strong>Za sve dodatne informacije ili posebne upite slobodno se obratite na info@bik-travel.com ili 095\/852-6958<\/strong><\/p>\n<p><img decoding=\"async\" loading=\"lazy\" class=\"aligncenter wp-image-3527\" src=\"https:\/\/www.bik-travel.com\/wp-content\/uploads\/2021\/10\/clean-gd4ab822a7_1920-300x202.jpg\" alt=\"\" width=\"700\" height=\"472\" srcset=\"https:\/\/www.bik-travel.com\/wp-content\/uploads\/2021\/10\/clean-gd4ab822a7_1920-300x202.jpg 300w, https:\/\/www.bik-travel.com\/wp-content\/uploads\/2021\/10\/clean-gd4ab822a7_1920-768x518.jpg 768w, https:\/\/www.bik-travel.com\/wp-content\/uploads\/2021\/10\/clean-gd4ab822a7_1920-1024x691.jpg 1024w, https:\/\/www.bik-travel.com\/wp-content\/uploads\/2021\/10\/clean-gd4ab822a7_1920.jpg 1920w\" sizes=\"(max-width: 700px) 100vw, 700px\" \/><\/p>\n","protected":false},"excerpt":{"rendered":"<p>Cjenik Redovno \u010di\u0161\u0107enje &#8211; brisanje svih povr\u0161ina izvana, pranje prozora, pranje podova, \u010di\u0161\u0107enje kompletne kupaonice, izno\u0161enje sme\u0107a &#8211; 15 eura\/h Generalno \u010di\u0161\u0107enje &#8211; nakon renovacija ili duljeg perioda bez \u010di\u0161\u0107enja, podrazumijeva \u010di\u0161\u0107enje svih povr\u0161ina izvana i iznutra &#8211; 22 eura\/h \u010ci\u0161\u0107enje apartmana &#8211; na upit O nama Jednostavno i pristupa\u010dno odr\u017eavanje higijene doma svima nam [&hellip;]<\/p>\n","protected":false},"author":1,"featured_media":3519,"parent":0,"menu_order":0,"comment_status":"closed","ping_status":"closed","template":"","meta":[],"_links":{"self":[{"href":"https:\/\/www.bik-travel.com\/hr\/wp-json\/wp\/v2\/pages\/3516\/"}],"collection":[{"href":"https:\/\/www.bik-travel.com\/hr\/wp-json\/wp\/v2\/pages\/"}],"about":[{"href":"https:\/\/www.bik-travel.com\/hr\/wp-json\/wp\/v2\/types\/page\/"}],"author":[{"embeddable":true,"href":"https:\/\/www.bik-travel.com\/hr\/wp-json\/wp\/v2\/users\/1\/"}],"replies":[{"embeddable":true,"href":"https:\/\/www.bik-travel.com\/hr\/wp-json\/wp\/v2\/comments\/?post=3516"}],"version-history":[{"count":40,"href":"https:\/\/www.bik-travel.com\/hr\/wp-json\/wp\/v2\/pages\/3516\/revisions\/"}],"predecessor-version":[{"id":9450,"href":"https:\/\/www.bik-travel.com\/hr\/wp-json\/wp\/v2\/pages\/3516\/revisions\/9450\/"}],"wp:featuredmedia":[{"embeddable":true,"href":"https:\/\/www.bik-travel.com\/hr\/wp-json\/wp\/v2\/media\/3519\/"}],"wp:attachment":[{"href":"https:\/\/www.bik-travel.com\/hr\/wp-json\/wp\/v2\/media\/?parent=3516"}],"curies":[{"name":"wp","href":"https:\/\/api.w.org\/{rel}","templated":true}]}}